{"id":7,"date":"2021-09-10T08:58:06","date_gmt":"2021-09-10T06:58:06","guid":{"rendered":"http:\/\/test.xn--gdfosant33-i7a.fr\/?page_id=7"},"modified":"2021-09-10T08:58:06","modified_gmt":"2021-09-10T06:58:06","slug":"a-propos-de","status":"publish","type":"page","link":"https:\/\/test.xn--gdfosant33-i7a.fr\/index.php\/a-propos-de\/","title":{"rendered":"\u00c0 propos de"},"content":{"rendered":"\n<p>Vous pourriez \u00eatre un artiste et vouloir pr\u00e9senter vos travaux et vous m\u00eame ou encore \u00eatre une entreprise avec une mission \u00e0 promouvoir.<\/p>\n","protected":false},"excerpt":{"rendered":"<p>Vous pourriez \u00eatre un artiste et vouloir pr\u00e9senter vos travaux et vous m\u00eame ou encore \u00eatre une entreprise avec une mission \u00e0 promouvoir.<\/p>\n","protected":false},"author":1,"featured_media":0,"parent":0,"menu_order":0,"comment_status":"closed","ping_status":"closed","template":"","meta":{"ngg_post_thumbnail":0},"_links":{"self":[{"href":"https:\/\/test.xn--gdfosant33-i7a.fr\/index.php\/wp-json\/wp\/v2\/pages\/7"}],"collection":[{"href":"https:\/\/test.xn--gdfosant33-i7a.fr\/index.php\/wp-json\/wp\/v2\/pages"}],"about":[{"href":"https:\/\/test.xn--gdfosant33-i7a.fr\/index.php\/wp-json\/wp\/v2\/types\/page"}],"author":[{"embeddable":true,"href":"https:\/\/test.xn--gdfosant33-i7a.fr\/index.php\/wp-json\/wp\/v2\/users\/1"}],"replies":[{"embeddable":true,"href":"https:\/\/test.xn--gdfosant33-i7a.fr\/index.php\/wp-json\/wp\/v2\/comments?post=7"}],"version-history":[{"count":1,"href":"https:\/\/test.xn--gdfosant33-i7a.fr\/index.php\/wp-json\/wp\/v2\/pages\/7\/revisions"}],"predecessor-version":[{"id":12,"href":"https:\/\/test.xn--gdfosant33-i7a.fr\/index.php\/wp-json\/wp\/v2\/pages\/7\/revisions\/12"}],"wp:attachment":[{"href":"https:\/\/test.xn--gdfosant33-i7a.fr\/index.php\/wp-json\/wp\/v2\/media?parent=7"}],"curies":[{"name":"wp","href":"https:\/\/api.w.org\/{rel}","templated":true}]}}