{"id":6,"date":"2021-09-10T08:58:06","date_gmt":"2021-09-10T06:58:06","guid":{"rendered":"http:\/\/test.xn--gdfosant33-i7a.fr\/?page_id=6"},"modified":"2021-09-29T14:00:43","modified_gmt":"2021-09-29T12:00:43","slug":"le-nouveau-e-mucem-ouvre-ses-portes-2","status":"publish","type":"page","link":"https:\/\/test.xn--gdfosant33-i7a.fr\/","title":{"rendered":""},"content":{"rendered":"\n<div class=\"wp-container-1 wp-block-group alignwide\"><div class=\"wp-block-group__inner-container\">\n<h2 class=\"has-text-align-center has-accent-color has-text-color\">Le GD FO Sant\u00e9 33 vous accueille et vous conseille sur vos droits  secteur Sant\u00e9 Publique et Priv\u00e9e.<\/h2>\n\n\n\n<p><\/p>\n<\/div><\/div>\n\n\n\n<div class=\"wp-container-8 wp-block-columns alignwide\">\n<div class=\"wp-container-4 wp-block-column\">\n<div class=\"wp-container-2 wp-block-group\"><div class=\"wp-block-group__inner-container\">\n<h3>S\u00e9gur de la Sant\u00e9<\/h3>\n\n\n\n<figure class=\"wp-block-image size-full\"><img loading=\"lazy\" width=\"720\" height=\"260\" src=\"http:\/\/test.xn--gdfosant33-i7a.fr\/wp-content\/uploads\/2021\/09\/Segur.jpg\" alt=\"\" class=\"wp-image-66\" srcset=\"https:\/\/test.xn--gdfosant33-i7a.fr\/wp-content\/uploads\/2021\/09\/Segur.jpg 720w, https:\/\/test.xn--gdfosant33-i7a.fr\/wp-content\/uploads\/2021\/09\/Segur-300x108.jpg 300w\" sizes=\"(max-width: 720px) 100vw, 720px\" \/><\/figure>\n\n\n\n<p>Retrouvez toutes les infos concernant le S\u00e9gur de la Sant\u00e9<\/p>\n\n\n\n<div class=\"wp-block-button is-style-outline\"><a class=\"wp-block-button__link\" href=\"http:\/\/test.gdfosant\u00e933.fr\/index.php\/2020\/09\/09\/segur-de-la-sante-le-protocole-daccord\/\">Lire la suite<\/a><\/div>\n\n\n\n<figure class=\"wp-block-image\"><img alt=\"\"\/><\/figure>\n<\/div><\/div>\n\n\n\n<div class=\"wp-container-3 wp-block-group\"><div class=\"wp-block-group__inner-container\">\n<h3>Documentation<\/h3>\n\n\n\n<p>Acc\u00e8s r\u00e9serv\u00e9<\/p>\n\n\n\n<div class=\"wp-block-button is-style-outline\"><a class=\"wp-block-button__link\" href=\"https:\/\/make.wordpress.org\/core\/2019\/09\/27\/block-editor-theme-related-updates-in-wordpress-5-3\/\">Lire la suite<\/a><\/div>\n\n\n\n<figure class=\"wp-block-image size-large is-style-tw-rounded-corners\"><img src=\"http:\/\/xn--gdfosant33-i7a.fr\/wp-content\/uploads\/2020\/02\/20200116_114700-scaled.jpg\" alt=\"\"\/><\/figure>\n<\/div><\/div>\n<\/div>\n\n\n\n<div class=\"wp-container-7 wp-block-column\">\n<div class=\"wp-container-5 wp-block-group\"><div class=\"wp-block-group__inner-container\">\n<h3>L&#8217;actualit\u00e9 des Syndicats<\/h3>\n\n\n\n<p>Actions locales de nos syndicats<\/p>\n\n\n\n<div class=\"wp-block-button is-style-outline\"><a class=\"wp-block-button__link\" href=\"https:\/\/make.wordpress.org\/core\/2019\/09\/27\/block-editor-theme-related-updates-in-wordpress-5-3\/\">Lire la suite<\/a><\/div>\n\n\n\n<figure class=\"wp-block-image alignfull size-large is-style-rounded\"><img src=\"http:\/\/xn--gdfosant33-i7a.fr\/wp-content\/uploads\/2020\/06\/10.jpg\" alt=\"\"\/><\/figure>\n<\/div><\/div>\n\n\n\n<div class=\"wp-container-6 wp-block-group\"><div class=\"wp-block-group__inner-container\">\n<h3>Galerie photo<\/h3>\n\n\n\n<p>1er octobre au 1er d\u00e9cembre<\/p>\n\n\n\n<div class=\"wp-block-button is-style-outline\"><a class=\"wp-block-button__link\" href=\"https:\/\/make.wordpress.org\/core\/2019\/09\/27\/block-editor-theme-related-updates-in-wordpress-5-3\/\">Lire la suite<\/a><\/div>\n<\/div><\/div>\n<\/div>\n<\/div>\n\n\n\n<div class=\"wp-container-9 wp-block-group alignwide has-transparent-background-color has-background tw-shadow\"><div class=\"wp-block-group__inner-container\">\n<h2 class=\"has-text-align-center has-accent-color has-text-color\">Informez-vous sur le S\u00e9gur de la sant\u00e9<\/h2>\n<\/div><\/div>\n\n\n\n<div class=\"wp-container-10 wp-block-group\"><div class=\"wp-block-group__inner-container\">\n<p class=\"has-drop-cap\">Les mesures du S\u00e9gur de la sant\u00e9 ont permis une \u00e9volution des salaires dans une partie des \u00e9tablissements sous statut FPH. Pour les \u00e9tablissements hospitaliers psychiatriques&nbsp;d&#8217;Aquitaine qui d\u00e9pendent&nbsp;d&#8217;un financement par DAF (Dotation Annuelle de Financement), il leur a \u00e9t\u00e9 indiqu\u00e9 qu&#8217;une partie cons\u00e9quente de ces \u00e9volutions de salaire serait \u00e0 leur charge. Ces \u00e9tablissements sont de moins en moins bien dot\u00e9s chaque ann\u00e9e, pourtant leur r\u00f4le essentiel a \u00e9t\u00e9 mis en lumi\u00e8re par l&#8217;augmentation du nombre de patients en grande partie en raison des cons\u00e9quences des diff\u00e9rents confinements et de la pand\u00e9mie. Cette non compensation des mesures salariales du S\u00e9gur de la Sant\u00e9 reviendrait \u00e0 supprimer des postes, ce qui est per\u00e7u comme une forme de sanction apport\u00e9e \u00e0 ces \u00e9tablissements et \u00e0 leurs personnels. Nous demandons donc \u00e0 ce que les mesures du S\u00e9gur puissent \u00eatre compens\u00e9es int\u00e9gralement comme dans tous les autres \u00e9tablissements sanitaires publics et priv\u00e9s.<\/p>\n<\/div><\/div>\n\n\n\n<p>Pour ce qui est des mesures salariales dans les \u00e9tablissements m\u00e9dico sociaux, nous continuons \u00e0 d\u00e9plorer que les \u00e9tablissements financ\u00e9s par les Conseils D\u00e9partementaux ne puissent pas b\u00e9n\u00e9ficier des mesures salariales du S\u00e9gur. Pourtant ces \u00e9tablissements comme le CDEF de la Gironde accomplissent un travail comparable aux personnels de certains services hospitaliers psychiatriques. Ne pas permettre aux professionnels param\u00e9dicaux de b\u00e9n\u00e9ficier des revalorisations de grilles rajoute de l&#8217;incompr\u00e9hension et de la col\u00e8re \u00e0 des agents qui ne b\u00e9n\u00e9ficient pas de l&#8217;augmentation de 183 euros appliqu\u00e9e dans tous les autres \u00e9tablissements de la FPH.&nbsp; Cela est&nbsp;d&#8217;autant plus incompr\u00e9hensible que ces mesures sont compens\u00e9es par l&#8217;Assurance Maladie dans tous les \u00e9tablissements sanitaires publics et priv\u00e9s ainsi que dans tous les EHPAD et partiellement dans les \u00e9tablissements m\u00e9dico sociaux autonomes hospitaliers.<\/p>\n\n\n\n<p><\/p>\n\n\n\n<div class=\"wp-container-12 wp-block-group alignwide has-background-color has-secondary-background-color has-text-color has-background\"><div class=\"wp-block-group__inner-container\">\n<div class=\"wp-container-11 wp-block-group\"><div class=\"wp-block-group__inner-container\">\n<h2 class=\"has-text-align-center\">Pr\u00e9avis de Gr\u00e8ve le 15 septembre&nbsp;!<\/h2>\n\n\n\n<p class=\"has-text-align-center\">Suite \u00e0 la publication de l&#8217;instruction minist\u00e9rielle qui ne tient pas compte des revendications de notre F\u00e9d\u00e9ration demandant le&nbsp;<strong>report de la date du 15 septembre<\/strong>, les&nbsp;<strong>entretiens avec les m\u00e9decins du travail<\/strong>&nbsp;de personnes non vaccin\u00e9es et se positionnant&nbsp;<strong>contre les sanctions<\/strong>, un pr\u00e9avis national devrait tomber pour le 15 septembre. Je vous tiens inform\u00e9 d\u00e8s que possible.<\/p>\n\n\n\n<div class=\"wp-block-button aligncenter\"><a class=\"wp-block-button__link\" href=\"https:\/\/make.wordpress.org\/core\/2019\/09\/27\/block-editor-theme-related-updates-in-wordpress-5-3\/\">Pr\u00e9parez vous !<\/a><\/div>\n<\/div><\/div>\n<\/div><\/div>\n\n\n\n<figure class=\"wp-container-14 wp-block-gallery-13 wp-block-gallery alignwide columns-3 is-cropped\"><ul class=\"blocks-gallery-grid\"><li class=\"blocks-gallery-item\"><figure><img loading=\"lazy\" width=\"728\" height=\"1024\" src=\"http:\/\/test.xn--gdfosant33-i7a.fr\/wp-content\/uploads\/2018\/08\/TECH_LABO_imprim-728x1024.png\" alt=\"\" data-id=\"529\" data-full-url=\"http:\/\/test.xn--gdfosant33-i7a.fr\/wp-content\/uploads\/2018\/08\/TECH_LABO_imprim.png\" data-link=\"http:\/\/test.xn--gdfosant33-i7a.fr\/tech_labo_imprim-2\/\" class=\"wp-image-529\" srcset=\"https:\/\/test.xn--gdfosant33-i7a.fr\/wp-content\/uploads\/2018\/08\/TECH_LABO_imprim-728x1024.png 728w, https:\/\/test.xn--gdfosant33-i7a.fr\/wp-content\/uploads\/2018\/08\/TECH_LABO_imprim-213x300.png 213w, https:\/\/test.xn--gdfosant33-i7a.fr\/wp-content\/uploads\/2018\/08\/TECH_LABO_imprim.png 761w\" sizes=\"(max-width: 728px) 100vw, 728px\" \/><figcaption class=\"blocks-gallery-item__caption\">Technicien de labo\nDiet\nPrep Pharma<\/figcaption><\/figure><\/li><li class=\"blocks-gallery-item\"><figure><img loading=\"lazy\" width=\"730\" height=\"1024\" src=\"http:\/\/test.xn--gdfosant33-i7a.fr\/wp-content\/uploads\/2018\/08\/PUER_imprim-730x1024.png\" alt=\"\" data-id=\"528\" data-full-url=\"http:\/\/test.xn--gdfosant33-i7a.fr\/wp-content\/uploads\/2018\/08\/PUER_imprim.png\" data-link=\"http:\/\/test.xn--gdfosant33-i7a.fr\/puer_imprim-2\/\" class=\"wp-image-528\" srcset=\"https:\/\/test.xn--gdfosant33-i7a.fr\/wp-content\/uploads\/2018\/08\/PUER_imprim-730x1024.png 730w, https:\/\/test.xn--gdfosant33-i7a.fr\/wp-content\/uploads\/2018\/08\/PUER_imprim-214x300.png 214w, https:\/\/test.xn--gdfosant33-i7a.fr\/wp-content\/uploads\/2018\/08\/PUER_imprim.png 765w\" sizes=\"(max-width: 730px) 100vw, 730px\" \/><figcaption class=\"blocks-gallery-item__caption\">Puer<\/figcaption><\/figure><\/li><li class=\"blocks-gallery-item\"><figure><img loading=\"lazy\" width=\"726\" height=\"1024\" src=\"http:\/\/test.xn--gdfosant33-i7a.fr\/wp-content\/uploads\/2018\/08\/INGE_imprim-726x1024.png\" alt=\"\" data-id=\"527\" data-full-url=\"http:\/\/test.xn--gdfosant33-i7a.fr\/wp-content\/uploads\/2018\/08\/INGE_imprim.png\" data-link=\"http:\/\/test.xn--gdfosant33-i7a.fr\/inge_imprim-2\/\" class=\"wp-image-527\" srcset=\"https:\/\/test.xn--gdfosant33-i7a.fr\/wp-content\/uploads\/2018\/08\/INGE_imprim-726x1024.png 726w, https:\/\/test.xn--gdfosant33-i7a.fr\/wp-content\/uploads\/2018\/08\/INGE_imprim-213x300.png 213w, https:\/\/test.xn--gdfosant33-i7a.fr\/wp-content\/uploads\/2018\/08\/INGE_imprim.png 759w\" sizes=\"(max-width: 726px) 100vw, 726px\" \/><figcaption class=\"blocks-gallery-item__caption\">Ing\u00e9nieur Hospitalier\n<\/figcaption><\/figure><\/li><li class=\"blocks-gallery-item\"><figure><img loading=\"lazy\" width=\"729\" height=\"1024\" src=\"http:\/\/test.xn--gdfosant33-i7a.fr\/wp-content\/uploads\/2018\/08\/TH_TSH_imprim-729x1024.png\" alt=\"\" data-id=\"459\" data-full-url=\"http:\/\/test.xn--gdfosant33-i7a.fr\/wp-content\/uploads\/2018\/08\/TH_TSH_imprim.png\" data-link=\"http:\/\/test.xn--gdfosant33-i7a.fr\/th_tsh_imprim-2\/\" class=\"wp-image-459\" srcset=\"https:\/\/test.xn--gdfosant33-i7a.fr\/wp-content\/uploads\/2018\/08\/TH_TSH_imprim-729x1024.png 729w, https:\/\/test.xn--gdfosant33-i7a.fr\/wp-content\/uploads\/2018\/08\/TH_TSH_imprim-214x300.png 214w, https:\/\/test.xn--gdfosant33-i7a.fr\/wp-content\/uploads\/2018\/08\/TH_TSH_imprim.png 760w\" sizes=\"(max-width: 729px) 100vw, 729px\" \/><figcaption class=\"blocks-gallery-item__caption\">Tech\/Tech sup hospitalier<\/figcaption><\/figure><\/li><li class=\"blocks-gallery-item\"><figure><img loading=\"lazy\" width=\"728\" height=\"1024\" src=\"http:\/\/test.xn--gdfosant33-i7a.fr\/wp-content\/uploads\/2018\/08\/SAGE_FEMME_imprim-728x1024.png\" alt=\"\" data-id=\"458\" data-full-url=\"http:\/\/test.xn--gdfosant33-i7a.fr\/wp-content\/uploads\/2018\/08\/SAGE_FEMME_imprim.png\" data-link=\"http:\/\/test.xn--gdfosant33-i7a.fr\/sage_femme_imprim-2\/\" class=\"wp-image-458\" srcset=\"https:\/\/test.xn--gdfosant33-i7a.fr\/wp-content\/uploads\/2018\/08\/SAGE_FEMME_imprim-728x1024.png 728w, https:\/\/test.xn--gdfosant33-i7a.fr\/wp-content\/uploads\/2018\/08\/SAGE_FEMME_imprim-213x300.png 213w, https:\/\/test.xn--gdfosant33-i7a.fr\/wp-content\/uploads\/2018\/08\/SAGE_FEMME_imprim.png 760w\" sizes=\"(max-width: 728px) 100vw, 728px\" \/><figcaption class=\"blocks-gallery-item__caption\">Sage Femme<\/figcaption><\/figure><\/li><li class=\"blocks-gallery-item\"><figure><img loading=\"lazy\" width=\"724\" height=\"1024\" src=\"http:\/\/test.xn--gdfosant33-i7a.fr\/wp-content\/uploads\/2018\/08\/PSY_imprim-724x1024.png\" alt=\"\" data-id=\"457\" data-full-url=\"http:\/\/test.xn--gdfosant33-i7a.fr\/wp-content\/uploads\/2018\/08\/PSY_imprim.png\" data-link=\"http:\/\/test.xn--gdfosant33-i7a.fr\/psy_imprim-2\/\" class=\"wp-image-457\" srcset=\"https:\/\/test.xn--gdfosant33-i7a.fr\/wp-content\/uploads\/2018\/08\/PSY_imprim-724x1024.png 724w, https:\/\/test.xn--gdfosant33-i7a.fr\/wp-content\/uploads\/2018\/08\/PSY_imprim-212x300.png 212w, https:\/\/test.xn--gdfosant33-i7a.fr\/wp-content\/uploads\/2018\/08\/PSY_imprim.png 756w\" sizes=\"(max-width: 724px) 100vw, 724px\" \/><figcaption class=\"blocks-gallery-item__caption\">Psychologue<\/figcaption><\/figure><\/li><li class=\"blocks-gallery-item\"><figure><img loading=\"lazy\" width=\"726\" height=\"1024\" src=\"http:\/\/test.xn--gdfosant33-i7a.fr\/wp-content\/uploads\/2018\/08\/PERSO_REEDUC_imprim-726x1024.png\" alt=\"\" data-id=\"456\" data-full-url=\"http:\/\/test.xn--gdfosant33-i7a.fr\/wp-content\/uploads\/2018\/08\/PERSO_REEDUC_imprim.png\" data-link=\"http:\/\/test.xn--gdfosant33-i7a.fr\/perso_reeduc_imprim-2\/\" class=\"wp-image-456\" srcset=\"https:\/\/test.xn--gdfosant33-i7a.fr\/wp-content\/uploads\/2018\/08\/PERSO_REEDUC_imprim-726x1024.png 726w, https:\/\/test.xn--gdfosant33-i7a.fr\/wp-content\/uploads\/2018\/08\/PERSO_REEDUC_imprim-213x300.png 213w, https:\/\/test.xn--gdfosant33-i7a.fr\/wp-content\/uploads\/2018\/08\/PERSO_REEDUC_imprim.png 759w\" sizes=\"(max-width: 726px) 100vw, 726px\" \/><figcaption class=\"blocks-gallery-item__caption\">R\u00e9\u00e9ducation<\/figcaption><\/figure><\/li><li class=\"blocks-gallery-item\"><figure><img loading=\"lazy\" width=\"727\" height=\"1024\" src=\"http:\/\/test.xn--gdfosant33-i7a.fr\/wp-content\/uploads\/2018\/08\/OUV_TECH_imprim-727x1024.png\" alt=\"\" data-id=\"455\" data-full-url=\"http:\/\/test.xn--gdfosant33-i7a.fr\/wp-content\/uploads\/2018\/08\/OUV_TECH_imprim.png\" data-link=\"http:\/\/test.xn--gdfosant33-i7a.fr\/ouv_tech_imprim-2\/\" class=\"wp-image-455\" srcset=\"https:\/\/test.xn--gdfosant33-i7a.fr\/wp-content\/uploads\/2018\/08\/OUV_TECH_imprim-727x1024.png 727w, https:\/\/test.xn--gdfosant33-i7a.fr\/wp-content\/uploads\/2018\/08\/OUV_TECH_imprim-213x300.png 213w, https:\/\/test.xn--gdfosant33-i7a.fr\/wp-content\/uploads\/2018\/08\/OUV_TECH_imprim.png 760w\" sizes=\"(max-width: 727px) 100vw, 727px\" \/><figcaption class=\"blocks-gallery-item__caption\">Ouvrier et Technique<\/figcaption><\/figure><\/li><li class=\"blocks-gallery-item\"><figure><img loading=\"lazy\" width=\"726\" height=\"1024\" src=\"http:\/\/test.xn--gdfosant33-i7a.fr\/wp-content\/uploads\/2018\/08\/MANIP_RADIO_imprim-726x1024.png\" alt=\"\" data-id=\"454\" data-full-url=\"http:\/\/test.xn--gdfosant33-i7a.fr\/wp-content\/uploads\/2018\/08\/MANIP_RADIO_imprim.png\" data-link=\"http:\/\/test.xn--gdfosant33-i7a.fr\/manip_radio_imprim-2\/\" class=\"wp-image-454\" srcset=\"https:\/\/test.xn--gdfosant33-i7a.fr\/wp-content\/uploads\/2018\/08\/MANIP_RADIO_imprim-726x1024.png 726w, https:\/\/test.xn--gdfosant33-i7a.fr\/wp-content\/uploads\/2018\/08\/MANIP_RADIO_imprim-213x300.png 213w, https:\/\/test.xn--gdfosant33-i7a.fr\/wp-content\/uploads\/2018\/08\/MANIP_RADIO_imprim.png 758w\" sizes=\"(max-width: 726px) 100vw, 726px\" \/><figcaption class=\"blocks-gallery-item__caption\">Manip Radio<\/figcaption><\/figure><\/li><li class=\"blocks-gallery-item\"><figure><img loading=\"lazy\" width=\"729\" height=\"1024\" src=\"http:\/\/test.xn--gdfosant33-i7a.fr\/wp-content\/uploads\/2018\/08\/IDE_BetA_imprim-729x1024.png\" alt=\"\" data-id=\"453\" data-full-url=\"http:\/\/test.xn--gdfosant33-i7a.fr\/wp-content\/uploads\/2018\/08\/IDE_BetA_imprim.png\" data-link=\"http:\/\/test.xn--gdfosant33-i7a.fr\/ide_beta_imprim-2\/\" class=\"wp-image-453\" srcset=\"https:\/\/test.xn--gdfosant33-i7a.fr\/wp-content\/uploads\/2018\/08\/IDE_BetA_imprim-729x1024.png 729w, https:\/\/test.xn--gdfosant33-i7a.fr\/wp-content\/uploads\/2018\/08\/IDE_BetA_imprim-213x300.png 213w, https:\/\/test.xn--gdfosant33-i7a.fr\/wp-content\/uploads\/2018\/08\/IDE_BetA_imprim.png 760w\" sizes=\"(max-width: 729px) 100vw, 729px\" \/><figcaption class=\"blocks-gallery-item__caption\">IDE<\/figcaption><\/figure><\/li><li class=\"blocks-gallery-item\"><figure><img loading=\"lazy\" width=\"725\" height=\"1024\" src=\"http:\/\/test.xn--gdfosant33-i7a.fr\/wp-content\/uploads\/2018\/08\/IBODE_imprim-725x1024.png\" alt=\"\" data-id=\"452\" data-full-url=\"http:\/\/test.xn--gdfosant33-i7a.fr\/wp-content\/uploads\/2018\/08\/IBODE_imprim.png\" data-link=\"http:\/\/test.xn--gdfosant33-i7a.fr\/ibode_imprim-2\/\" class=\"wp-image-452\" srcset=\"https:\/\/test.xn--gdfosant33-i7a.fr\/wp-content\/uploads\/2018\/08\/IBODE_imprim-725x1024.png 725w, https:\/\/test.xn--gdfosant33-i7a.fr\/wp-content\/uploads\/2018\/08\/IBODE_imprim-212x300.png 212w, https:\/\/test.xn--gdfosant33-i7a.fr\/wp-content\/uploads\/2018\/08\/IBODE_imprim.png 757w\" sizes=\"(max-width: 725px) 100vw, 725px\" \/><figcaption class=\"blocks-gallery-item__caption\">IBODE<\/figcaption><\/figure><\/li><li class=\"blocks-gallery-item\"><figure><img loading=\"lazy\" width=\"725\" height=\"1024\" src=\"http:\/\/test.xn--gdfosant33-i7a.fr\/wp-content\/uploads\/2018\/08\/IADE_imprim-725x1024.png\" alt=\"\" data-id=\"451\" data-full-url=\"http:\/\/test.xn--gdfosant33-i7a.fr\/wp-content\/uploads\/2018\/08\/IADE_imprim.png\" data-link=\"http:\/\/test.xn--gdfosant33-i7a.fr\/iade_imprim-2\/\" class=\"wp-image-451\" srcset=\"https:\/\/test.xn--gdfosant33-i7a.fr\/wp-content\/uploads\/2018\/08\/IADE_imprim-725x1024.png 725w, https:\/\/test.xn--gdfosant33-i7a.fr\/wp-content\/uploads\/2018\/08\/IADE_imprim-213x300.png 213w, https:\/\/test.xn--gdfosant33-i7a.fr\/wp-content\/uploads\/2018\/08\/IADE_imprim.png 758w\" sizes=\"(max-width: 725px) 100vw, 725px\" \/><figcaption class=\"blocks-gallery-item__caption\">IADE<\/figcaption><\/figure><\/li><li class=\"blocks-gallery-item\"><figure><img loading=\"lazy\" width=\"729\" height=\"1024\" src=\"http:\/\/test.xn--gdfosant33-i7a.fr\/wp-content\/uploads\/2018\/08\/CADRE_SANTE_imprim-729x1024.png\" alt=\"\" data-id=\"450\" data-full-url=\"http:\/\/test.xn--gdfosant33-i7a.fr\/wp-content\/uploads\/2018\/08\/CADRE_SANTE_imprim.png\" data-link=\"http:\/\/test.xn--gdfosant33-i7a.fr\/cadre_sante_imprim-2\/\" class=\"wp-image-450\" srcset=\"https:\/\/test.xn--gdfosant33-i7a.fr\/wp-content\/uploads\/2018\/08\/CADRE_SANTE_imprim-729x1024.png 729w, https:\/\/test.xn--gdfosant33-i7a.fr\/wp-content\/uploads\/2018\/08\/CADRE_SANTE_imprim-214x300.png 214w, https:\/\/test.xn--gdfosant33-i7a.fr\/wp-content\/uploads\/2018\/08\/CADRE_SANTE_imprim.png 761w\" sizes=\"(max-width: 729px) 100vw, 729px\" \/><figcaption class=\"blocks-gallery-item__caption\">Cadre\/Cadre sup de Sant\u00e9<\/figcaption><\/figure><\/li><li class=\"blocks-gallery-item\"><figure><img loading=\"lazy\" width=\"727\" height=\"1024\" src=\"http:\/\/test.xn--gdfosant33-i7a.fr\/wp-content\/uploads\/2018\/08\/ASHQ_imprim-727x1024.png\" alt=\"\" data-id=\"449\" data-full-url=\"http:\/\/test.xn--gdfosant33-i7a.fr\/wp-content\/uploads\/2018\/08\/ASHQ_imprim.png\" data-link=\"http:\/\/test.xn--gdfosant33-i7a.fr\/ashq_imprim-2\/\" class=\"wp-image-449\" srcset=\"https:\/\/test.xn--gdfosant33-i7a.fr\/wp-content\/uploads\/2018\/08\/ASHQ_imprim-727x1024.png 727w, https:\/\/test.xn--gdfosant33-i7a.fr\/wp-content\/uploads\/2018\/08\/ASHQ_imprim-213x300.png 213w, https:\/\/test.xn--gdfosant33-i7a.fr\/wp-content\/uploads\/2018\/08\/ASHQ_imprim.png 759w\" sizes=\"(max-width: 727px) 100vw, 727px\" \/><figcaption class=\"blocks-gallery-item__caption\">ASHQ<\/figcaption><\/figure><\/li><li class=\"blocks-gallery-item\"><figure><img loading=\"lazy\" width=\"727\" height=\"1024\" src=\"http:\/\/test.xn--gdfosant33-i7a.fr\/wp-content\/uploads\/2018\/08\/AS_AMP_AUX_imprim-727x1024.png\" alt=\"\" data-id=\"448\" data-full-url=\"http:\/\/test.xn--gdfosant33-i7a.fr\/wp-content\/uploads\/2018\/08\/AS_AMP_AUX_imprim.png\" data-link=\"http:\/\/test.xn--gdfosant33-i7a.fr\/as_amp_aux_imprim-2\/\" class=\"wp-image-448\" srcset=\"https:\/\/test.xn--gdfosant33-i7a.fr\/wp-content\/uploads\/2018\/08\/AS_AMP_AUX_imprim-727x1024.png 727w, https:\/\/test.xn--gdfosant33-i7a.fr\/wp-content\/uploads\/2018\/08\/AS_AMP_AUX_imprim-213x300.png 213w, https:\/\/test.xn--gdfosant33-i7a.fr\/wp-content\/uploads\/2018\/08\/AS_AMP_AUX_imprim.png 762w\" sizes=\"(max-width: 727px) 100vw, 727px\" \/><figcaption class=\"blocks-gallery-item__caption\">AS \/ AMP AES \/ Aux Puer \/ Acc Educ et Social<\/figcaption><\/figure><\/li><li class=\"blocks-gallery-item\"><figure><img loading=\"lazy\" width=\"725\" height=\"1024\" src=\"http:\/\/test.xn--gdfosant33-i7a.fr\/wp-content\/uploads\/2018\/08\/ADMIN_C_imprim-725x1024.png\" alt=\"\" data-id=\"447\" data-full-url=\"http:\/\/test.xn--gdfosant33-i7a.fr\/wp-content\/uploads\/2018\/08\/ADMIN_C_imprim.png\" data-link=\"http:\/\/test.xn--gdfosant33-i7a.fr\/admin_c_imprim-2\/\" class=\"wp-image-447\" srcset=\"https:\/\/test.xn--gdfosant33-i7a.fr\/wp-content\/uploads\/2018\/08\/ADMIN_C_imprim-725x1024.png 725w, https:\/\/test.xn--gdfosant33-i7a.fr\/wp-content\/uploads\/2018\/08\/ADMIN_C_imprim-213x300.png 213w, https:\/\/test.xn--gdfosant33-i7a.fr\/wp-content\/uploads\/2018\/08\/ADMIN_C_imprim.png 758w\" sizes=\"(max-width: 725px) 100vw, 725px\" \/><figcaption class=\"blocks-gallery-item__caption\">Adj Adm \/ PARM<\/figcaption><\/figure><\/li><li class=\"blocks-gallery-item\"><figure><img loading=\"lazy\" width=\"728\" height=\"1024\" src=\"http:\/\/test.xn--gdfosant33-i7a.fr\/wp-content\/uploads\/2018\/08\/ADMIN_BetA_imprim-728x1024.png\" alt=\"\" data-id=\"446\" data-full-url=\"http:\/\/test.xn--gdfosant33-i7a.fr\/wp-content\/uploads\/2018\/08\/ADMIN_BetA_imprim.png\" data-link=\"http:\/\/test.xn--gdfosant33-i7a.fr\/admin_beta_imprim-2\/\" class=\"wp-image-446\" srcset=\"https:\/\/test.xn--gdfosant33-i7a.fr\/wp-content\/uploads\/2018\/08\/ADMIN_BetA_imprim-728x1024.png 728w, https:\/\/test.xn--gdfosant33-i7a.fr\/wp-content\/uploads\/2018\/08\/ADMIN_BetA_imprim-213x300.png 213w, https:\/\/test.xn--gdfosant33-i7a.fr\/wp-content\/uploads\/2018\/08\/ADMIN_BetA_imprim.png 761w\" sizes=\"(max-width: 728px) 100vw, 728px\" \/><figcaption class=\"blocks-gallery-item__caption\">AMA \/ Attach\u00e9 adm \/ ACH<\/figcaption><\/figure><\/li><\/ul><\/figure>\n","protected":false},"excerpt":{"rendered":"<p>Le GD FO Sant\u00e9 33 vous accueille et vous conseille sur vos droits secteur Sant\u00e9 Publique et Priv\u00e9e. S\u00e9gur de la Sant\u00e9 Retrouvez toutes les infos concernant le S\u00e9gur de la Sant\u00e9 Documentation Acc\u00e8s r\u00e9serv\u00e9 L&#8217;actualit\u00e9 des Syndicats Actions locales de nos syndicats Galerie photo 1er octobre au 1er d\u00e9cembre Informez-vous sur le S\u00e9gur de&hellip;<\/p>\n","protected":false},"author":1,"featured_media":1121,"parent":0,"menu_order":0,"comment_status":"closed","ping_status":"closed","template":"templates\/template-full-width.php","meta":{"ngg_post_thumbnail":0},"_links":{"self":[{"href":"https:\/\/test.xn--gdfosant33-i7a.fr\/index.php\/wp-json\/wp\/v2\/pages\/6"}],"collection":[{"href":"https:\/\/test.xn--gdfosant33-i7a.fr\/index.php\/wp-json\/wp\/v2\/pages"}],"about":[{"href":"https:\/\/test.xn--gdfosant33-i7a.fr\/index.php\/wp-json\/wp\/v2\/types\/page"}],"author":[{"embeddable":true,"href":"https:\/\/test.xn--gdfosant33-i7a.fr\/index.php\/wp-json\/wp\/v2\/users\/1"}],"replies":[{"embeddable":true,"href":"https:\/\/test.xn--gdfosant33-i7a.fr\/index.php\/wp-json\/wp\/v2\/comments?post=6"}],"version-history":[{"count":24,"href":"https:\/\/test.xn--gdfosant33-i7a.fr\/index.php\/wp-json\/wp\/v2\/pages\/6\/revisions"}],"predecessor-version":[{"id":1150,"href":"https:\/\/test.xn--gdfosant33-i7a.fr\/index.php\/wp-json\/wp\/v2\/pages\/6\/revisions\/1150"}],"wp:featuredmedia":[{"embeddable":true,"href":"https:\/\/test.xn--gdfosant33-i7a.fr\/index.php\/wp-json\/wp\/v2\/media\/1121"}],"wp:attachment":[{"href":"https:\/\/test.xn--gdfosant33-i7a.fr\/index.php\/wp-json\/wp\/v2\/media?parent=6"}],"curies":[{"name":"wp","href":"https:\/\/api.w.org\/{rel}","templated":true}]}}